{"id":538,"date":"2017-05-25T07:29:35","date_gmt":"2017-05-25T07:29:35","guid":{"rendered":"https:\/\/demo.ovatheme.com\/cezan\/?page_id=538"},"modified":"2023-06-11T11:07:01","modified_gmt":"2023-06-11T08:07:01","slug":"contact","status":"publish","type":"page","link":"https:\/\/www.incitrade.com\/tr\/contact\/","title":{"rendered":"\u0130leti\u015fim"},"content":{"rendered":"<div class=\"vc_row wpb_row vc_row-fluid vc_custom_1674459164174\"><div class=\"wpb_column vc_column_container vc_col-sm-12\"><div class=\"vc_column-inner\"><div class=\"wpb_wrapper\"><div class=\"text-center\"><div class=\"ui-slogan\"><i class=\"ui-decor\"><\/i>A\u00e7\u0131klar\u0131 Kapat\u0131yoruz<i class=\"ui-decor\"><\/i><\/div><h2 class=\"ui-title-block\">Sosyal Medya Hesaplar\u0131m\u0131z<\/h2><\/div><ul class=\"b-contacts-social social-net list-inline text-center\"><li class=\"social-net__item\"><a class=\"social-net__link\" href=\"https:\/\/www.instagram.com\/incitrade\/\">Instagram<\/a><\/li><li class=\"social-net__item\"><a class=\"social-net__link\" href=\"https:\/\/www.linkedin.com\/company\/incitrade\">Linkedin<\/a><\/li><\/ul><\/div><\/div><\/div><div class=\"wpb_column vc_column_container vc_col-sm-6 vc_col-lg-6 vc_col-md-6\"><div class=\"vc_column-inner\"><div class=\"wpb_wrapper\">\n\t<div class=\"wpb_raw_code wpb_content_element wpb_raw_html\" >\n\t\t<div class=\"wpb_wrapper\">\n\t\t\t<iframe src=\"https:\/\/www.google.com\/maps\/embed?pb=!1m18!1m12!1m3!1d3190.665406906346!2d30.704141336131716!3d36.89835191572977!2m3!1f0!2f0!3f0!3m2!1i1024!2i768!4f13.1!3m3!1m2!1s0x14c38ff9b1cf08c3%3A0x74dcb0b498068b48!2sEtiler%2C%20Evliya%20%C3%87elebi%20Cd.%20No%3A23%2C%2007010%20Muratpa%C5%9Fa%2FAntalya!5e0!3m2!1str!2str!4v1674134647027!5m2!1str!2str\" width=\"100%\" height=\"450\" style=\"border:0;\" allowfullscreen=\"\" loading=\"lazy\" referrerpolicy=\"no-referrer-when-downgrade\"><\/iframe>\n\t\t<\/div>\n\t<\/div>\n<\/div><\/div><\/div><div class=\"wpb_column vc_column_container vc_col-sm-6 vc_col-lg-6 vc_col-md-6\"><div class=\"vc_column-inner\"><div class=\"wpb_wrapper\"><div class=\"b-contacts__inner\">\n                <div class=\"b-contacts__info\">\n                    <p>Size yard\u0131mc\u0131 olabiliriz. Uzmanlardan olu\u015fan ekibimiz sorular\u0131n\u0131z\u0131 yan\u0131tlamak i\u00e7in her zaman haz\u0131r.<\/p>\n                <\/div>\n                <div class=\"ui-decor\"><\/div>\n\n                <div class=\"b-contacts__item b-contacts__item_lg\">\n                  <div class=\"b-contacts__title\">\u00c7\u00d6Z\u00dcM M\u00dc \u0130ST\u0130YORSUNUZ?<\/div>\n                  <div class=\"b-contacts__description\">info@incitrade.com<\/div>\n              <\/div><div class=\"b-contacts__item normal\">\n                  <div class=\"b-contacts__title\">Etiler Mah. Evliye \u00c7elebi Caddesi No:23 \u0130\u00e7 Kap\u0131 No: 107 Muratpa\u015fa\/Antalya<\/div>\n                  <div class=\"b-contacts__description\">Adresimiz<\/div>\n              <\/div><div class=\"b-contacts__item normal\">\n                  <div class=\"b-contacts__title\">+90 536 466 466 7<\/div>\n                  <div class=\"b-contacts__description\">\u00c7a\u011fr\u0131 Deste\u011fi<\/div>\n              <\/div><div class=\"b-contacts__item normal\">\n                  <div class=\"b-contacts__title\">+90 542 164 95 30<\/div>\n                  <div class=\"b-contacts__description\"><\/div>\n              <\/div><div class=\"b-contacts__item normal\">\n                  <div class=\"b-contacts__title\">+965 507 11728<\/div>\n                  <div class=\"b-contacts__description\"><\/div>\n              <\/div>\n            <\/div><\/div><\/div><\/div><\/div><div class=\"vc_row wpb_row vc_row-fluid\"><div class=\"wpb_column vc_column_container vc_col-sm-12\"><div class=\"vc_column-inner\"><div class=\"wpb_wrapper\"><h2 style=\"text-align: center\" class=\"vc_custom_heading\" >Bize Ula\u015f\u0131n<\/h2><div class=\"vc_empty_space\"   style=\"height: 32px\"><span class=\"vc_empty_space_inner\"><\/span><\/div>\n<div class=\"wpcf7 no-js\" id=\"wpcf7-f547-o1\" lang=\"en-US\" dir=\"ltr\" data-wpcf7-id=\"547\">\n<div class=\"screen-reader-response\"><p role=\"status\" aria-live=\"polite\" aria-atomic=\"true\"><\/p> <ul><\/ul><\/div>\n<form action=\"\/tr\/wp-json\/wp\/v2\/pages\/538#wpcf7-f547-o1\" method=\"post\" class=\"wpcf7-form init\" aria-label=\"Contact form\" novalidate=\"novalidate\" data-status=\"init\" data-trp-original-action=\"\/tr\/wp-json\/wp\/v2\/pages\/538#wpcf7-f547-o1\">\n<fieldset class=\"hidden-fields-container\"><input type=\"hidden\" name=\"_wpcf7\" value=\"547\" \/><input type=\"hidden\" name=\"_wpcf7_version\" value=\"6.1.5\" \/><input type=\"hidden\" name=\"_wpcf7_locale\" value=\"en_US\" \/><input type=\"hidden\" name=\"_wpcf7_unit_tag\" value=\"wpcf7-f547-o1\" \/><input type=\"hidden\" name=\"_wpcf7_container_post\" value=\"0\" \/><input type=\"hidden\" name=\"_wpcf7_posted_data_hash\" value=\"\" \/><input type=\"hidden\" name=\"_wpcf7_recaptcha_response\" value=\"\" \/>\n<\/fieldset>\n<div class=\"b-form-contacts ui-form\" id=\"contactForm\">\n\t<div class=\"row\">\n\t\t<div class=\"col-md-6\">\n\t\t\t<p><span class=\"wpcf7-form-control-wrap\" data-name=\"your_name\"><input size=\"40\" maxlength=\"400\" class=\"wpcf7-form-control wpcf7-text wpcf7-validates-as-required form-control\" id=\"user-name\" aria-required=\"true\" aria-invalid=\"false\" placeholder=\"Ad Soyad\" value=\"\" type=\"text\" name=\"your_name\" \/><\/span><span class=\"wpcf7-form-control-wrap\" data-name=\"phone\"><input size=\"40\" maxlength=\"400\" class=\"wpcf7-form-control wpcf7-tel wpcf7-validates-as-required wpcf7-text wpcf7-validates-as-tel form-control\" id=\"user-phone\" aria-required=\"true\" aria-invalid=\"false\" placeholder=\"Telefon Numaras\u0131\" value=\"\" type=\"tel\" name=\"phone\" \/><\/span>\n\t\t\t<\/p>\n\t\t<\/div>\n\t\t<div class=\"col-md-6\">\n\t\t\t<p><span class=\"wpcf7-form-control-wrap\" data-name=\"email\"><input size=\"40\" maxlength=\"400\" class=\"wpcf7-form-control wpcf7-email wpcf7-validates-as-required wpcf7-text wpcf7-validates-as-email form-control\" id=\"user-email\" aria-required=\"true\" aria-invalid=\"false\" placeholder=\"Mail Adresi\" value=\"\" type=\"email\" name=\"email\" \/><\/span><span class=\"wpcf7-form-control-wrap\" data-name=\"subject\"><input size=\"40\" maxlength=\"400\" class=\"wpcf7-form-control wpcf7-text wpcf7-validates-as-required form-control last-block_mrg-btn_0\" id=\"user-subject\" aria-required=\"true\" aria-invalid=\"false\" placeholder=\"Konu\/Ba\u015fl\u0131k\" value=\"\" type=\"text\" name=\"subject\" \/><\/span>\n\t\t\t<\/p>\n\t\t<\/div>\n\t<\/div>\n\t<div class=\"row\">\n\t\t<div class=\"col-xs-12\">\n\t\t\t<p><span class=\"wpcf7-form-control-wrap\" data-name=\"message\"><textarea cols=\"40\" rows=\"10\" maxlength=\"2000\" class=\"wpcf7-form-control wpcf7-textarea wpcf7-validates-as-required form-control\" id=\"user-message\" aria-required=\"true\" aria-invalid=\"false\" placeholder=\"Mesaj Detaylar\u0131\" name=\"message\"><\/textarea><\/span>\n\t\t\t<\/p>\n\t\t\t<div class=\"text-center\">\n\t\t\t\t<p><span class=\"b-btn\"><span class=\"ui-decor-line\"><\/span><br \/>\n<button type=\"submit\" class=\"wpcf7-form-control wpcf7-submit b-btn__inner\"><i class=\"ui-decor\"><\/i>Mesaj G\u00f6nder<i class=\"ui-decor\"><\/i><\/button><br \/>\n<\/span>\n\t\t\t\t<\/p>\n\t\t\t<\/div>\n\t\t<\/div>\n\t<\/div>\n<\/div><div class=\"wpcf7-response-output\" aria-hidden=\"true\"><\/div>\n<input type=\"hidden\" name=\"trp-form-language\" value=\"tr\"\/><\/form>\n<\/div>\n<\/div><\/div><\/div><\/div>","protected":false},"excerpt":{"rendered":"We Bridge the GapSocial NetworksInstagramLinkedin We can help. Our team of experts is on hand to answer your questions. NEED A SOLUTION? info@incitrade.com Etiler Mah. Evliye \u00c7elebi Caddesi No:23 \u0130\u00e7 Kap\u0131 No: 107 Muratpa\u015fa\/Antalya OUR ADDRESS +90 536 466 466 7 CALL SUPPORT +90 542 164 95 30 +965 507 11728 CONTACT US Send Message","protected":false},"author":1,"featured_media":0,"parent":0,"menu_order":0,"comment_status":"closed","ping_status":"closed","template":"templates\/home_template.php","meta":{"inline_featured_image":false,"footnotes":""},"class_list":["post-538","page","type-page","status-publish","hentry"],"jetpack_sharing_enabled":true,"_links":{"self":[{"href":"https:\/\/www.incitrade.com\/tr\/wp-json\/wp\/v2\/pages\/538","targetHints":{"allow":["GET"]}}],"collection":[{"href":"https:\/\/www.incitrade.com\/tr\/wp-json\/wp\/v2\/pages"}],"about":[{"href":"https:\/\/www.incitrade.com\/tr\/wp-json\/wp\/v2\/types\/page"}],"author":[{"embeddable":true,"href":"https:\/\/www.incitrade.com\/tr\/wp-json\/wp\/v2\/users\/1"}],"replies":[{"embeddable":true,"href":"https:\/\/www.incitrade.com\/tr\/wp-json\/wp\/v2\/comments?post=538"}],"version-history":[{"count":23,"href":"https:\/\/www.incitrade.com\/tr\/wp-json\/wp\/v2\/pages\/538\/revisions"}],"predecessor-version":[{"id":1134,"href":"https:\/\/www.incitrade.com\/tr\/wp-json\/wp\/v2\/pages\/538\/revisions\/1134"}],"wp:attachment":[{"href":"https:\/\/www.incitrade.com\/tr\/wp-json\/wp\/v2\/media?parent=538"}],"curies":[{"name":"wp","href":"https:\/\/api.w.org\/{rel}","templated":true}]}}